{"id":11419,"date":"2020-01-06T16:29:00","date_gmt":"2020-01-06T15:29:00","guid":{"rendered":"https:\/\/tattoo.vamtam.com\/?page_id=11419"},"modified":"2021-03-17T18:23:14","modified_gmt":"2021-03-17T17:23:14","slug":"home_le_piaf_tattoo","status":"publish","type":"page","link":"https:\/\/www.lepiaftattoo.com\/","title":{"rendered":"Home"},"content":{"rendered":"<div class=\"vgblk-rw-wrapper limit-wrapper\"><h2>\n\tPiou !\n\t<\/h2>\n\t<h4>Bienvenue dans mon univers<\/h4>\n<h2>\n\tTattoo\n\t<\/h2>\n\t<p><strong> Le piaf tattoo en deux mots : apr\u00e8s plus de cinq ans dans le m\u00e9tier, de Cannes \u00e0 Angoul\u00eame en passant par Lyon, j\u2019ai ouvert mon atelier \u00e0 Gond-Pontouvre <\/strong><strong>pour porter ma concentration sur la qualit\u00e9 et non la quantit\u00e9. <\/strong><\/p>\n<strong>La pr\u00e9cision du dessin, du d\u00e9tail, de la r\u00e9alisation du tatouage ainsi que son bon vieillissement sont primordiaux \u00e0 mes yeux, c&rsquo;est un peu la signature du Piaf Tattoo, la qualit\u00e9 avant tout!<br \/>\n<\/strong><strong><br \/>\n<\/strong>\n\t<p>&nbsp;<\/p>\n<p><strong>\u00a0<\/strong><\/p>\n\t\t<h3>PIOU ! Envie d&rsquo;en savoir plus ?<\/h3>\n\t\t<p>La boutique est ouverte du lundi au vendredi de 10h \u00e0 18h.\u00a0<\/p>\n\t<a href=\"#contact\" target=\"_self\" role=\"button\" rel=\"noopener noreferrer\">\n\t\t\t\t\tMe contacter  !\n\t<\/a>\n<style>\n\t\t\t\t.fl-node- .fl-module-content {\n\t\t\tbackground-color: #0a0000;\n\t\t}\n\t<\/style>\n<h2>\n\tPiou !\n\t<\/h2>\n<h2>\n\tPiou Galerie\n\t<\/h2>\n\t<h5>Les Zolis tattoos \ud83d\ude09\u00a0 Mes derni\u00e8res r\u00e9alisations. Cliquez sur \u00ab\u00a0voir tous mes tattoos\u00a0\u00bb pour tout voir.<\/h5>\n\t<a href=\"https:\/\/www.lepiaftattoo.com\/index.php\/galerie\/\" target=\"_self\" role=\"button\" rel=\"noopener noreferrer\">\n\t\t\t\t\tVoir tous mes tattoos\n\t<\/a>\n<h2>\n\tPiou !\n\t<\/h2>\n<h2>\n\tT\u00e9moignages Clients\n\t<\/h2>\n\t<h5>Parce qu&rsquo;on les bichonne, nos gentils Clients nous disent<\/h5>\n<h2>\n\tPiou !\n\t<\/h2>\n<h2>\n\tComment je fonctionne ?\n\t<\/h2>\n\t<h5>Alors comme \u00e7a on souhaiterait se faire un joli tattoo ? \u00e7a tombe bien, vous \u00eates au bon endroit! Voil\u00e0 comment je proc\u00e8de :<\/h5>\n<p>Je travaille dans un atelier priv\u00e9, ce qui induit un travail \u00e0 distance. Le tarif de base (ouverture des aiguilles) est de <strong>100 euros<\/strong>.<\/p>\n<p>Il est possible de venir me rencontrer pour parler de votre projet : le rendez-vous dessin co\u00fbte 50 euros si vous souhaitez r\u00e9aliser un croquis sans l\u2019intention de vous faire tatouer apr\u00e8s. \u00c0 l\u2019inverse, si vous prenez rdv pour votre tatouage dans la foul\u00e9e, le croquis sera \u00e9videmment gratuit.<\/p>\n<p>L\u2019adresse postale vous sera communiqu\u00e9e par mail \u00e0 votre demande sur <strong><a href=\"mailto:lepiafttt@gmail.com\">lepiafttt@gmail.com<\/a><\/strong>\u00a0ou via le formulaire de contact ci dessous.<\/p>\n<p>Pour soumettre votre projet tatouage, il est n\u00e9cessaire de m\u2019envoyer un mail avec les informations suivantes :<\/p>\n<ul>\n<li>pr\u00e9nom, num\u00e9ro de t\u00e9l\u00e9phone, taille du projet en centim\u00e8tres, emplacement pr\u00e9vu, budget total consacr\u00e9, images de r\u00e9f\u00e9rences, symboliques \u00e0 apporter, le(s) tatouage(s) de ma galerie vous ayant plu, ainsi que vos jours disponibles pour vous faire tatouer.<\/li>\n<\/ul>\n<p>Si le projet est dans mes cordes, je vous fais parvenir les dates disponibles avec un devis ; si tout vous convient, le rendez-vous devra \u00eatre confirm\u00e9 par un versement d\u2019arrhes. Aucun dessin ne sera effectu\u00e9 sans un premier versement d\u2019arrhes.<\/p>\n<p>Pour les tr\u00e8s grosses pi\u00e8ces : un nombre de s\u00e9ances vous sera estim\u00e9.<\/p>\n<p>L\u2019adresse de l\u2019atelier vous est communiqu\u00e9e une fois les arrhes re\u00e7ues. Toute prise de rendez-vous\u00a0constitue un engagement pour lequel je travaille de longues heures ; <strong>les arrhes ne sont donc pas rendues<\/strong> en cas d\u2019annulation.<\/p>\n<p>Le dessin est disponible la veille avant le rendez-vous tatouage, sur votre demande par mail. Attention : si vous ne me r\u00e9clamez pas le dessin par mail, ce dernier ne sera visible que le jour J.<\/p>\n\t<p><strong>Modifications<\/strong><\/p>\n<p>Si des modifications sont \u00e0 faire, point de panique : nous les ferons ensemble le jour du rendez-vous. Nous ne commencerons rien tant que je ne verrai pas pleine satisfaction dans vos yeux!<\/p>\n\t<p><strong>Changement d&rsquo;avis<\/strong><\/p>\n<p>Si le dessin est \u00e0 revoir compl\u00e8tement suite \u00e0 un changement d\u2019avis\/projet, 50\u20ac seront conserv\u00e9s. Chose qui n\u2019arrive normalement pas si l\u2019on est s\u00fbr de soi.<\/p>\n\t<p><strong>Refus<\/strong><\/p>\n<p>Si je me dois de refuser votre travail, ce n\u2019est pas parce qu\u2019il n\u2019est pas int\u00e9ressant, et bien au contraire ; je me dois de vous faire un beau cadeau pour la vie, et si je ne suis pas en mesure de le faire, je vous redirigerai toujours vers un confr\u00e8re dont le style et la qualit\u00e9 de travail vous correspondront.<\/p>\n<h2>\n\tPiou !\n\t<\/h2>\n\t<a name=\"#contact\"><\/a>\n<h2>\n\tMe contacter\n\t<\/h2>\n\t<h5>Un tattoo oui mais pas que&#8230;<\/h5>\n    Remarque\u00a0: JavaScript est requis pour ce contenu.\n        <!-- TODO: Move to Template File. -->\n\t\n\t<h5>Notre boutique est un club priv\u00e9 ! <br \/>Contactez nous pour plus d&rsquo;infos<\/h5>\n\t<h5>Vous pr\u00e9f\u00e9rez le t\u00e9l\u00e9phone ?<br \/>\nVous pouvez nous joindre au 09 51 39 95 68<\/h5>\n\t<h5>Joignable du Lundi au vendredi<\/h5>\n<h5>de 14h \u00e0 18h.<\/h5>\n\t<h5>lepiaftattoo.com\u00a0 &#8211; Tous droits r\u00e9serv\u00e9s &#8211; <a href=\"https:\/\/www.lepiaftattoo.com\/index.php\/mentions-legales\/\">Mentions l\u00e9gales<\/a><\/h5>\n<\/div><!-- .vgblk-rw-wrapper -->","protected":false},"excerpt":{"rendered":"<p>Piou ! Bienvenue dans mon univers Tattoo Le piaf tattoo en deux mots : apr\u00e8s plus de cinq ans dans le m\u00e9tier, de Cannes \u00e0 Angoul\u00eame en passant par Lyon, j\u2019ai ouvert mon atelier \u00e0 Gond-Pontouvre pour porter ma concentration sur la qualit\u00e9 et non la quantit\u00e9. La pr\u00e9cision du dessin, du d\u00e9tail, de la&#8230;<\/p>\n","protected":false},"author":1,"featured_media":0,"parent":0,"menu_order":0,"comment_status":"closed","ping_status":"closed","template":"onepage.php","meta":{"spay_email":""},"yoast_head":"<!-- This site is optimized with the Yoast SEO plugin v14.9 - https:\/\/yoast.com\/wordpress\/plugins\/seo\/ -->\n<title>Home - Le PiaF Tattoo<\/title>\n<meta name=\"description\" content=\"Tatoueur en atelier priv\u00e9 - Le piaff tattoo est sp\u00e9cialis\u00e9 en tatouages Blacknest tattoo, Gond pontouvre. Contactez nous pour plus d&#039;infos\" \/>\n<meta name=\"robots\" content=\"index, follow, max-snippet:-1, max-image-preview:large, max-video-preview:-1\" \/>\n<link rel=\"canonical\" href=\"https:\/\/www.lepiaftattoo.com\/\" \/>\n<meta property=\"og:locale\" content=\"fr_FR\" \/>\n<meta property=\"og:type\" content=\"article\" \/>\n<meta property=\"og:title\" content=\"Home - Le PiaF Tattoo\" \/>\n<meta property=\"og:description\" content=\"Tatoueur en atelier priv\u00e9 - Le piaff tattoo est sp\u00e9cialis\u00e9 en tatouages Blacknest tattoo, Gond pontouvre. Contactez nous pour plus d&#039;infos\" \/>\n<meta property=\"og:url\" content=\"https:\/\/www.lepiaftattoo.com\/\" \/>\n<meta property=\"og:site_name\" content=\"Le PiaF Tattoo\" \/>\n<meta property=\"article:publisher\" content=\"https:\/\/fr-fr.facebook.com\/lepiaftattoo\/\" \/>\n<meta property=\"article:modified_time\" content=\"2021-03-17T17:23:14+00:00\" \/>\n<meta name=\"twitter:card\" content=\"summary_large_image\" \/>\n<script type=\"application\/ld+json\" class=\"yoast-schema-graph\">{\"@context\":\"https:\/\/schema.org\",\"@graph\":[{\"@type\":\"Organization\",\"@id\":\"https:\/\/www.lepiaftattoo.com\/#organization\",\"name\":\"Le Piaff Tattoo\",\"url\":\"https:\/\/www.lepiaftattoo.com\/\",\"sameAs\":[\"https:\/\/fr-fr.facebook.com\/lepiaftattoo\/\",\"https:\/\/www.instagram.com\/lepiafttt\",\"https:\/\/www.pinterest.fr\/lepiaft\/\"],\"logo\":{\"@type\":\"ImageObject\",\"@id\":\"https:\/\/www.lepiaftattoo.com\/#logo\",\"inLanguage\":\"fr-FR\",\"url\":\"https:\/\/www.lepiaftattoo.com\/wp-content\/uploads\/2020\/01\/logo_lepiaf.png\",\"width\":480,\"height\":480,\"caption\":\"Le Piaff Tattoo\"},\"image\":{\"@id\":\"https:\/\/www.lepiaftattoo.com\/#logo\"}},{\"@type\":\"WebSite\",\"@id\":\"https:\/\/www.lepiaftattoo.com\/#website\",\"url\":\"https:\/\/www.lepiaftattoo.com\/\",\"name\":\"Le PiaF Tattoo\",\"description\":\"\",\"publisher\":{\"@id\":\"https:\/\/www.lepiaftattoo.com\/#organization\"},\"potentialAction\":[{\"@type\":\"SearchAction\",\"target\":\"https:\/\/www.lepiaftattoo.com\/?s={search_term_string}\",\"query-input\":\"required name=search_term_string\"}],\"inLanguage\":\"fr-FR\"},{\"@type\":\"WebPage\",\"@id\":\"https:\/\/www.lepiaftattoo.com\/#webpage\",\"url\":\"https:\/\/www.lepiaftattoo.com\/\",\"name\":\"Home - Le PiaF Tattoo\",\"isPartOf\":{\"@id\":\"https:\/\/www.lepiaftattoo.com\/#website\"},\"datePublished\":\"2020-01-06T15:29:00+00:00\",\"dateModified\":\"2021-03-17T17:23:14+00:00\",\"description\":\"Tatoueur en atelier priv\\u00e9 - Le piaff tattoo est sp\\u00e9cialis\\u00e9 en tatouages Blacknest tattoo, Gond pontouvre. Contactez nous pour plus d'infos\",\"inLanguage\":\"fr-FR\",\"potentialAction\":[{\"@type\":\"ReadAction\",\"target\":[\"https:\/\/www.lepiaftattoo.com\/\"]}]}]}<\/script>\n<!-- \/ Yoast SEO plugin. -->","jetpack_sharing_enabled":true,"_links":{"self":[{"href":"https:\/\/www.lepiaftattoo.com\/index.php\/wp-json\/wp\/v2\/pages\/11419"}],"collection":[{"href":"https:\/\/www.lepiaftattoo.com\/index.php\/wp-json\/wp\/v2\/pages"}],"about":[{"href":"https:\/\/www.lepiaftattoo.com\/index.php\/wp-json\/wp\/v2\/types\/page"}],"author":[{"embeddable":true,"href":"https:\/\/www.lepiaftattoo.com\/index.php\/wp-json\/wp\/v2\/users\/1"}],"replies":[{"embeddable":true,"href":"https:\/\/www.lepiaftattoo.com\/index.php\/wp-json\/wp\/v2\/comments?post=11419"}],"version-history":[{"count":129,"href":"https:\/\/www.lepiaftattoo.com\/index.php\/wp-json\/wp\/v2\/pages\/11419\/revisions"}],"predecessor-version":[{"id":17500,"href":"https:\/\/www.lepiaftattoo.com\/index.php\/wp-json\/wp\/v2\/pages\/11419\/revisions\/17500"}],"wp:attachment":[{"href":"https:\/\/www.lepiaftattoo.com\/index.php\/wp-json\/wp\/v2\/media?parent=11419"}],"curies":[{"name":"wp","href":"https:\/\/api.w.org\/{rel}","templated":true}]}}